{"id":11967,"date":"2016-09-03T16:23:30","date_gmt":"2016-09-03T16:23:30","guid":{"rendered":"https:\/\/rodiovascular.com\/it\/?page_id=11967"},"modified":"2024-09-24T16:08:14","modified_gmt":"2024-09-24T16:08:14","slug":"patologia-venosa","status":"publish","type":"page","link":"https:\/\/rodiovascular.com\/it\/patologia-venosa\/","title":{"rendered":"PATOLOGIA VENOSA"},"content":{"rendered":"<p>[vc_row][vc_column][vc_custom_heading text=&#8221;Varici degli Arti Inferiori e Capillari&#8221; font_container=&#8221;tag:h1|text_align:center|color:%2300334f&#8221; google_fonts=&#8221;font_family:Open%20Sans%3A300%2C300italic%2Cregular%2Citalic%2C600%2C600italic%2C700%2C700italic%2C800%2C800italic|font_style:400%20regular%3A400%3Anormal&#8221;][mt_separator size=&#8221;full&#8221; margin_bottom=&#8221;20px&#8221;][\/mt_separator][vc_raw_html]JTNDYnIlM0UlMEE=[\/vc_raw_html][\/vc_column][\/vc_row][vc_row padding_top=&#8221;0&#8243; padding_bottom=&#8221;20&#8243;][vc_column width=&#8221;1\/4&#8243;][vc_column_text]<\/p>\n<h4><strong>DESCRIZIONE:<\/strong><\/h4>\n<p>[\/vc_column_text][vc_column_text]<\/p>\n<p align=\"left\">Le varici sono dilatazioni innaturali e permanenti delle vene del sistema venoso superficiale. La vena appare di colore bluastro, il decorso della stessa diventa tortuoso e diventa  visibile attraverso la pelle delle gambe.<\/p>\n<p>[\/vc_column_text][vc_column_text]<\/p>\n<h4><strong>SINTOMATOLOGIA:<\/strong><\/h4>\n<p>[\/vc_column_text][vc_column_text]<\/p>\n<p>\n&#8211; <strong>Dolenzia<\/strong><br \/>\n&#8211; <strong>Pesantezza<\/strong><br \/>\n&#8211; <strong>Stanchezza<\/strong><br \/>\n&#8211; <strong>Edema<\/strong> (caviglie gonfie)<br \/>\n&#8211; <strong>Discromie Cutanee<\/strong> (alterazioni del colorito della pelle)<br \/>\n&#8211; <strong>Flebite Superficiale<\/strong> (arrossamento lungo il decorso della vena che diventa dura e molto dolente)<br \/>\n&#8211; <strong>Ulcere<\/strong><\/p>\n<p>[\/vc_column_text][vc_column_text][\/vc_column_text][\/vc_column][vc_column width=&#8221;3\/4&#8243;][vc_gallery type=&#8221;nivo&#8221; interval=&#8221;5&#8243; images=&#8221;3850,3950,3985,6624,12116&#8243; img_size=&#8221;full&#8221; onclick=&#8221;&#8221;][\/vc_column][\/vc_row][vc_row][vc_column][vc_column_text]<\/p>\n<p>\nFattori di rischio quali gravidanza (soprattutto se multiple), familiarit\u00e0 (se un familiare \u00e8 affetto da vene varicose \u00e8 pi\u00f9 facile esser soggetti a questo tipo di patologia), obesit\u00e0, il fumo e tutte le attivit\u00e0 durante le quali si \u00e8 costretti ad una postura eretta o seduta aumentano il rischio di sviluppare le varici.<\/p>\n<p>[\/vc_column_text][vc_column_text]<\/p>\n<h4><strong>DIAGNOSI:<\/strong><\/h4>\n<p>[\/vc_column_text][vc_column_text]La diagnosi viene posta con l\u2019esame clinico e confermata da un esame eco color doppler venoso degli arti inferiori.\u2028[\/vc_column_text][vc_column_text]<\/p>\n<h4 style=\"text-align: left;\"><strong>TRATTAMENTO MEDICO:<\/strong><\/h4>\n<p>[\/vc_column_text][vc_column_text]<\/p>\n<p>Elevazione delle gambe durante le ore notturne, elastocompressione (calze e gambaletti elastici), ginnastica, uso di calzature comode, utilizzo di farmaci e pomate. <\/p>\n<p>[\/vc_column_text][vc_column_text]<\/p>\n<h4 style=\"text-align: left;\"><strong>TRATTAMENTO ESTETICO E CHIRURGICO:<\/strong><\/h4>\n<p>[\/vc_column_text][vc_row_inner][vc_column_inner width=&#8221;1\/2&#8243;][vc_column_text]<\/p>\n<p>\n<strong>1) Scleroterapia:<\/strong> viene iniettata una sostanza chimica nelle vene creando una reazione infiammatoria che la chiude. Viene indicata in caso di capillari, vene varicose ed \u00e8 un trattamento essenzialmente cosmetico.<\/p>\n<p><strong><em>Scleroterapia con Transilluminazione<\/em><\/strong> \u00e8 una nuova tecnica che evidenzia i vasi che alimentano il gruppo vascolare teleangectasico che vengono obliterate.<\/p>\n<p>[\/vc_column_text][vc_raw_html]JTNDZGl2JTIwY2xhc3MlM0QlMjJyZXNwb25zaXZlLWlmcmFtZSUyMiUzRSUwQSUyMCUyMCUyMCUyMCUzQ2lmcmFtZSUyMHdpZHRoJTNEJTIyNTYwJTIyJTIwaGVpZ2h0JTNEJTIyMzE1JTIyJTIwc3JjJTNEJTIyaHR0cHMlM0ElMkYlMkZ3d3cueW91dHViZS5jb20lMkZlbWJlZCUyRmdQdy02VC1Ya3JVJTNGcmVsJTNEMCUyMiUyMGZyYW1lYm9yZGVyJTNEJTIyMCUyMiUyMGFsbG93JTNEJTIyYWNjZWxlcm9tZXRlciUzQiUyMGF1dG9wbGF5JTNCJTIwZW5jcnlwdGVkLW1lZGlhJTNCJTIwZ3lyb3Njb3BlJTNCJTIwcGljdHVyZS1pbi1waWN0dXJlJTIyJTIwYWxsb3dmdWxsc2NyZWVuJTNFJTNDJTJGaWZyYW1lJTNFJTBBJTNDJTJGZGl2JTNFJTBB[\/vc_raw_html][\/vc_column_inner][vc_column_inner width=&#8221;1\/2&#8243;][vc_column_text]<\/p>\n<p>\n<strong>2) Ablazione Endovascolare:<\/strong> nell\u2019 ablazione endovascolare (laser o ablazione con radio-frequenza), la punta di un catetere dotata di elettrodi \u00e8 inserita all&#8217;interno della  vena preposta per via percutanea in anestesia locale per tumescenza. Questi elettrodi toccano l&#8217;interno della parete della vena, e inviano impulsi di energia laser o tramite radiofrequenze. L&#8217;energia   distrugge la parete venosa, determinandone la chiusura, viene infilato un monocollant 35mmHg dedicato per 5gg e successivamente rimosso con controllo <strong><em>EcoColor-Doppler<\/em><\/strong> venoso ripetuto a 3 e 12 mesi dalla procedura effettuata.<\/p>\n<p>[\/vc_column_text][vc_raw_html]JTNDZGl2JTIwY2xhc3MlM0QlMjJyZXNwb25zaXZlLWlmcmFtZSUyMiUzRSUwQSUyMCUyMCUyMCUyMCUzQ2lmcmFtZSUyMHdpZHRoJTNEJTIyNTYwJTIyJTIwaGVpZ2h0JTNEJTIyMzE1JTIyJTIwc3JjJTNEJTIyaHR0cHMlM0ElMkYlMkZ3d3cueW91dHViZS5jb20lMkZlbWJlZCUyRk1OWjd4dkt2NS1JJTIyJTIwZnJhbWVib3JkZXIlM0QlMjIwJTIyJTIwYWxsb3clM0QlMjJhY2NlbGVyb21ldGVyJTNCJTIwYXV0b3BsYXklM0IlMjBlbmNyeXB0ZWQtbWVkaWElM0IlMjBneXJvc2NvcGUlM0IlMjBwaWN0dXJlLWluLXBpY3R1cmUlMjIlMjBhbGxvd2Z1bGxzY3JlZW4lM0UlM0MlMkZpZnJhbWUlM0UlMEElM0MlMkZkaXYlM0UlMEE=[\/vc_raw_html][\/vc_column_inner][\/vc_row_inner][vc_row_inner][vc_column_inner][vc_empty_space][\/vc_column_inner][\/vc_row_inner][vc_row_inner][vc_column_inner width=&#8221;1\/2&#8243;][mt_separator size=&#8221;\u201dfull\u201d&#8221; margin_bottom=&#8221;\u201d20px\u201d&#8221;][\/mt_separator][mt_separator size=&#8221;\u201dfull\u201d&#8221; margin_bottom=&#8221;\u201d20px\u201d&#8221;][\/mt_separator][vc_column_text]<\/p>\n<p>\n<strong>3) Safenectomia:<\/strong> \u00e8 il trattamento chirurgico convenzionale  e prevede un ricovero di poche ore in una struttura ospedaliera, in sale operatorie attrezzate ed in anestesia di tipo spinale.\u2028 Attraverso una piccola incisione nella piega dell\u2019inguine ed una sul malleolo interno (a livello della caviglia) si isola la vena safena e viene fatto passare, all\u2019interno della vena stessa, un filo plastificato (stripper). Il filo viene quindi agganciato alla parte superiore della vena e viene tirato in basso, rimuovendo la safena per invaginazione. Vengono poi praticate delle microincisioni nelle sedi in cui sia necessario rimuovere delle collaterali venose che sono rimaste in sede dopo la rimozione della vena stessa attraverso degli uncini di Muller. Le incisioni inguinale e malleolare vengono quindi chiuse con punti intradermici e viene infilato un monocollant 35mmHg dedicato per 7gg e successivamente rimosso con controllo EcoColor-Doppler venoso ripetuto a 3 e 12 mesi dalla procedura.<\/p>\n<p>[\/vc_column_text][vc_single_image image=&#8221;12308&#8243; img_size=&#8221;full&#8221;][\/vc_column_inner][vc_column_inner width=&#8221;1\/2&#8243;][vc_column_text]<\/p>\n<p><strong>4) Flebectomia:<\/strong> in alcuni casi si effettuano delle micro incisioni con l\u2019ausilio di particolari ferri chirurgici chiamati uncini di Muller molto sottili e delicati che permettono l&#8217;asportazione di piccole vene.<\/p>\n<p>[\/vc_column_text][vc_single_image image=&#8221;4047&#8243; img_size=&#8221;full&#8221; alignment=&#8221;center&#8221; style=&#8221;vc_box_border&#8221; css=&#8221;.vc_custom_1620050266088{padding-top: 40px !important;}&#8221;][\/vc_column_inner][\/vc_row_inner][vc_row_inner][vc_column_inner][vc_empty_space][\/vc_column_inner][\/vc_row_inner][vc_row_inner][vc_column_inner width=&#8221;1\/2&#8243;][vc_column_text]<\/p>\n<p>\n<strong>5) VenaSeal:<\/strong><\/p>\n<p><em><strong>Chiusura Vena Non Termica<\/strong><\/em><br \/>\nIl sistema VenaSeal \u2122 fornisce una piccola quantit\u00e0 di un adesivo medico appositamente formulato per sigillare &#8211; o chiudere &#8211; la vena malata, reindirizzando il sangue alle vene sane vicine, che fornisce sollievo dai sintomi.<\/p>\n<p><em><strong>Un&#8217;Esperienza pi\u00f9 Confortevole<\/strong><\/em><br \/>\nProcedura ambulatoriale semplice, nessuna anestesia tumescente, meno dolori e lividi  e tempi di recupero pi\u00f9 rapidi rispetto all&#8217;ablazione termica.<br \/>\nLe calze compressive non sono necessarie dopo la procedura.<\/p>\n<p>[\/vc_column_text][vc_raw_html]JTNDZGl2JTIwY2xhc3MlM0QlMjJyZXNwb25zaXZlLWlmcmFtZSUyMiUzRSUwQSUyMCUyMCUyMCUyMCUzQ2lmcmFtZSUyMHdpZHRoJTNEJTIyNTYwJTIyJTIwaGVpZ2h0JTNEJTIyMzE1JTIyJTIwc3JjJTNEJTIyaHR0cHMlM0ElMkYlMkZ3d3cueW91dHViZS5jb20lMkZlbWJlZCUyRlRaOFhZVWxacHBnJTIyJTIwZnJhbWVib3JkZXIlM0QlMjIwJTIyJTIwYWxsb3clM0QlMjJhY2NlbGVyb21ldGVyJTNCJTIwYXV0b3BsYXklM0IlMjBjbGlwYm9hcmQtd3JpdGUlM0IlMjBlbmNyeXB0ZWQtbWVkaWElM0IlMjBneXJvc2NvcGUlM0IlMjBwaWN0dXJlLWluLXBpY3R1cmUlMjIlMjBhbGxvd2Z1bGxzY3JlZW4lM0UlM0MlMkZpZnJhbWUlM0UlMEElM0MlMkZkaXYlM0UlMEE=[\/vc_raw_html][\/vc_column_inner][vc_column_inner width=&#8221;1\/2&#8243;][vc_column_text]<\/p>\n<p><\/p>\n<p><\/p>\n<p>\n<strong>6) Scleroterapia con schiuma:<\/strong> Un&#8217;ulteriore alternativa per fermare il reflusso nelle vene varicose colpite \u00e8 la scleroterapia con schiuma. La scleroterapia con schiuma \u00e8 un ulteriore sviluppo della scleroterapia classica. Il processo \u00e8 spesso raccomandato per il trattamento delle vene varicose ricorrenti dopo l&#8217;intervento chirurgico.<\/p>\n<p>Sotto guida ecografica, un liquido (ad es. Polidocanol, Aethoxysklerol) viene iniettato nella vena interessata. Pertanto, verr\u00e0 fornita l&#8217;iniezione della schiuma con assoluta precisione e sicurezza. Spesso questo liquido viene schiumato con l&#8217;aria. La schiuma porta all&#8217;irritazione della parete vascolare che, di conseguenza, chiude la vena. La schiuma viene a contatto con la parete della vena per un periodo di tempo maggiore. Questa terapia pu\u00f2 essere applicata a tutte le vene superficiali.<\/p>\n<p>Lo svantaggio \u00e8 che le vene trattate possono apparire discromiche per un periodo limitato, e cio\u00e8 di colorazione pi\u00f9 scura. <\/p>\n<p>[\/vc_column_text][vc_gallery type=&#8221;nivo&#8221; interval=&#8221;3&#8243; images=&#8221;12305,12304&#8243; img_size=&#8221;full&#8221; onclick=&#8221;&#8221;][\/vc_column_inner][\/vc_row_inner][vc_row_inner][vc_column_inner][vc_empty_space][vc_empty_space][\/vc_column_inner][\/vc_row_inner][vc_custom_heading text=&#8221;Trombosi Venosa Profonda (TVP)&#8221; font_container=&#8221;tag:h2|text_align:center|color:%2300334f&#8221; google_fonts=&#8221;font_family:Open%20Sans%3A300%2C300italic%2Cregular%2Citalic%2C600%2C600italic%2C700%2C700italic%2C800%2C800italic|font_style:400%20regular%3A400%3Anormal&#8221;][mt_separator size=&#8221;full&#8221; margin_bottom=&#8221;20px&#8221;][\/mt_separator][vc_column_text]<\/p>\n<p>Le trombosi delle vene sono causate dalla coagulazione del sangue che scorre al loro interno. Questo causa problemi di circolazione venosa, con gonfiore e dolore, ma soprattutto puo\u2019 determinare una grave complicanza: l&#8217;<strong>Embolia Polmonare<\/strong>.<\/p>\n<p>L\u2019embolia polmonare \u00e8 determinata dal distacco di frammenti di trombo, e cio\u00e8 di sangue coagulato dalla vena occlusa, che vanno a posizionarsi nei polmoni.<br \/>\nPer questo motivo, quando vi sono delle trombosi venose importanti del sistema venoso profondo, \u00e8 necessario instaurare una terapia medica che eviti il distacco di coaguli, e quindi la conseguente embolia polmonare.<\/p>\n<p>Questa terapia, chiamata <strong>Anticoagulante<\/strong>, \u00e8 pi\u00f9 efficace di qualsiasi intervento chirurgico.<\/p>\n<p>[\/vc_column_text][\/vc_column][\/vc_row][vc_row][vc_column width=&#8221;1\/4&#8243;][vc_column_text]<\/p>\n<h4><strong>DIAGNOSI:<\/strong><\/h4>\n<p>[\/vc_column_text][vc_column_text]<\/p>\n<p>\u2028L\u2019esame clinico deve essere sempre confermato da indagini quali l\u2019<strong>EcoColor Doppler<\/strong> venoso degli arti inferiori e un prelievo ematico per il dosaggio del D-dimero. In casi selezionati si pu\u00f2 utilizzare l\u2019Angio TC ilio-cavale e delle arterie polmonari se si sospetta una embolia polmonare.<\/p>\n<p>[\/vc_column_text][vc_column_text]<\/p>\n<h4><strong>TRATTAMENTO MEDICO:<\/strong><\/h4>\n<p>[\/vc_column_text][vc_column_text]Vengono usati tipicamente dei farmaci anticoagulanti o fibrinolitici in grado di dissolvere i coaguli.<\/p>\n<p>[\/vc_column_text][vc_column_text]<\/p>\n<h4><strong>TRATTAMENTO CHIRURGICO:<\/strong><\/h4>\n<p>[\/vc_column_text][vc_column_text]<\/p>\n<p>Raramente <strong>Trombectomia<\/strong> con la quale viene rimosso, per mezzo di un sottile catetere (tubicino flessibile e sottile) inserito nella vena, il coagulo che la ostruisce.<\/p>\n<p>[\/vc_column_text][\/vc_column][vc_column width=&#8221;3\/4&#8243;][vc_empty_space][vc_gallery type=&#8221;nivo&#8221; interval=&#8221;5&#8243; images=&#8221;4007,12122,12123,6627&#8243; img_size=&#8221;full&#8221; onclick=&#8221;&#8221;][\/vc_column][\/vc_row]<\/p>\n","protected":false},"excerpt":{"rendered":"<p>[vc_row][vc_column][vc_custom_heading text=&#8221;Varici degli Arti Inferiori e Capillari&#8221; font_container=&#8221;tag:h1|text_align:center|color:%2300334f&#8221; google_fonts=&#8221;font_family:Open%20Sans%3A300%2C300italic%2Cregular%2Citalic%2C600%2C600italic%2C700%2C700italic%2C800%2C800italic|font_style:400%20regular%3A400%3Anormal&#8221;][mt_separator size=&#8221;full&#8221; margin_bottom=&#8221;20px&#8221;][\/mt_separator][vc_raw_html]JTNDYnIlM0UlMEE=[\/vc_raw_html][\/vc_column][\/vc_row][vc_row padding_top=&#8221;0&#8243; padding_bottom=&#8221;20&#8243;][vc_column width=&#8221;1\/4&#8243;][vc_column_text] DESCRIZIONE: [\/vc_column_text][vc_column_text] Le varici sono dilatazioni innaturali e permanenti delle vene del sistema venoso superficiale. La vena appare di colore bluastro, il decorso della stessa diventa tortuoso e diventa visibile attraverso la pelle delle gambe. [\/vc_column_text][vc_column_text] SINTOMATOLOGIA: [\/vc_column_text][vc_column_text] &#8211; Dolenzia &#8211; Pesantezza &#8211; Stanchezza &#8211; Edema (caviglie gonfie) &#8211; Discromie Cutanee (alterazioni del colorito della pelle) &#8211; Flebite Superficiale (arrossamento lungo il decorso della vena che diventa dura e molto dolente) &#8211; Ulcere [\/vc_column_text][vc_column_text][\/vc_column_text][\/vc_column][vc_column width=&#8221;3\/4&#8243;][vc_gallery type=&#8221;nivo&#8221; interval=&#8221;5&#8243; images=&#8221;3850,3950,3985,6624,12116&#8243; img_size=&#8221;full&#8221; onclick=&#8221;&#8221;][\/vc_column][\/vc_row][vc_row][vc_column][vc_column_text] Fattori di rischio quali gravidanza (soprattutto se multiple), familiarit\u00e0 (se un familiare \u00e8 affetto da vene varicose \u00e8 pi\u00f9 facile esser soggetti a questo tipo di patologia), obesit\u00e0, il fumo e tutte le attivit\u00e0 durante le quali si \u00e8 costretti ad una postura eretta o seduta aumentano il rischio di sviluppare le varici. [\/vc_column_text][vc_column_text] DIAGNOSI: [\/vc_column_text][vc_column_text]La diagnosi viene posta con l\u2019esame clinico e confermata da un esame eco color doppler venoso degli arti inferiori.\u2028[\/vc_column_text][vc_column_text] TRATTAMENTO MEDICO: [\/vc_column_text][vc_column_text] Elevazione delle gambe durante le ore notturne, elastocompressione (calze e gambaletti elastici), ginnastica, uso di calzature comode, utilizzo di farmaci e pomate. [\/vc_column_text][vc_column_text] TRATTAMENTO ESTETICO E CHIRURGICO: [\/vc_column_text][vc_row_inner][vc_column_inner width=&#8221;1\/2&#8243;][vc_column_text] 1) Scleroterapia: viene iniettata una sostanza chimica nelle vene creando una reazione infiammatoria che la chiude. Viene indicata in caso di capillari, vene varicose ed \u00e8 un trattamento essenzialmente cosmetico. Scleroterapia con Transilluminazione \u00e8 una nuova tecnica che evidenzia i vasi che alimentano il gruppo vascolare teleangectasico che vengono obliterate. [\/vc_column_text][vc_raw_html]JTNDZGl2JTIwY2xhc3MlM0QlMjJyZXNwb25zaXZlLWlmcmFtZSUyMiUzRSUwQSUyMCUyMCUyMCUyMCUzQ2lmcmFtZSUyMHdpZHRoJTNEJTIyNTYwJTIyJTIwaGVpZ2h0JTNEJTIyMzE1JTIyJTIwc3JjJTNEJTIyaHR0cHMlM0ElMkYlMkZ3d3cueW91dHViZS5jb20lMkZlbWJlZCUyRmdQdy02VC1Ya3JVJTNGcmVsJTNEMCUyMiUyMGZyYW1lYm9yZGVyJTNEJTIyMCUyMiUyMGFsbG93JTNEJTIyYWNjZWxlcm9tZXRlciUzQiUyMGF1dG9wbGF5JTNCJTIwZW5jcnlwdGVkLW1lZGlhJTNCJTIwZ3lyb3Njb3BlJTNCJTIwcGljdHVyZS1pbi1waWN0dXJlJTIyJTIwYWxsb3dmdWxsc2NyZWVuJTNFJTNDJTJGaWZyYW1lJTNFJTBBJTNDJTJGZGl2JTNFJTBB[\/vc_raw_html][\/vc_column_inner][vc_column_inner width=&#8221;1\/2&#8243;][vc_column_text] 2) Ablazione Endovascolare: nell\u2019 ablazione endovascolare (laser o ablazione con radio-frequenza), la punta di un catetere dotata di elettrodi \u00e8 inserita all&#8217;interno della vena preposta per via percutanea in anestesia locale per tumescenza. Questi elettrodi toccano l&#8217;interno della parete della vena, e inviano impulsi di energia laser o tramite radiofrequenze. L&#8217;energia distrugge la parete venosa, determinandone la chiusura, viene infilato un monocollant 35mmHg dedicato per 5gg e successivamente rimosso con controllo EcoColor-Doppler venoso ripetuto a 3 e 12 mesi dalla procedura effettuata. [\/vc_column_text][vc_raw_html]JTNDZGl2JTIwY2xhc3MlM0QlMjJyZXNwb25zaXZlLWlmcmFtZSUyMiUzRSUwQSUyMCUyMCUyMCUyMCUzQ2lmcmFtZSUyMHdpZHRoJTNEJTIyNTYwJTIyJTIwaGVpZ2h0JTNEJTIyMzE1JTIyJTIwc3JjJTNEJTIyaHR0cHMlM0ElMkYlMkZ3d3cueW91dHViZS5jb20lMkZlbWJlZCUyRk1OWjd4dkt2NS1JJTIyJTIwZnJhbWVib3JkZXIlM0QlMjIwJTIyJTIwYWxsb3clM0QlMjJhY2NlbGVyb21ldGVyJTNCJTIwYXV0b3BsYXklM0IlMjBlbmNyeXB0ZWQtbWVkaWElM0IlMjBneXJvc2NvcGUlM0IlMjBwaWN0dXJlLWluLXBpY3R1cmUlMjIlMjBhbGxvd2Z1bGxzY3JlZW4lM0UlM0MlMkZpZnJhbWUlM0UlMEElM0MlMkZkaXYlM0UlMEE=[\/vc_raw_html][\/vc_column_inner][\/vc_row_inner][vc_row_inner][vc_column_inner][vc_empty_space][\/vc_column_inner][\/vc_row_inner][vc_row_inner][vc_column_inner width=&#8221;1\/2&#8243;][mt_separator size=&#8221;\u201dfull\u201d&#8221; margin_bottom=&#8221;\u201d20px\u201d&#8221;][\/mt_separator][mt_separator size=&#8221;\u201dfull\u201d&#8221; margin_bottom=&#8221;\u201d20px\u201d&#8221;][\/mt_separator][vc_column_text] 3) Safenectomia: \u00e8 il trattamento chirurgico convenzionale e prevede un [&hellip;]<\/p>\n","protected":false},"author":1,"featured_media":0,"parent":0,"menu_order":0,"comment_status":"open","ping_status":"open","template":"","meta":{"footnotes":""},"class_list":["post-11967","page","type-page","status-publish","hentry"],"yoast_head":"<!-- This site is optimized with the Yoast SEO plugin v27.3 - https:\/\/yoast.com\/product\/yoast-seo-wordpress\/ -->\n<title>Trattamento delle Vene Varicose e Teleangectasie - Dr Maurizio Rodio<\/title>\n<meta name=\"description\" content=\"Trattamento e rimozione di vene varicose, teleangectasie utilizzando le pi\u00f9 avanzate tecnologie mediche scleroterapiche e chirurgiche senza dolore.\" \/>\n<meta name=\"robots\" content=\"index, follow, max-snippet:-1, max-image-preview:large, max-video-preview:-1\" \/>\n<link rel=\"canonical\" href=\"https:\/\/rodiovascular.com\/patologia-venosa\/\" \/>\n<meta property=\"og:locale\" content=\"it_IT\" \/>\n<meta property=\"og:type\" content=\"article\" \/>\n<meta property=\"og:title\" content=\"Trattamento delle Vene Varicose e Teleangectasie - Dr Maurizio Rodio\" \/>\n<meta property=\"og:description\" content=\"Trattamento e rimozione di vene varicose, teleangectasie utilizzando le pi\u00f9 avanzate tecnologie mediche scleroterapiche e chirurgiche senza dolore.\" \/>\n<meta property=\"og:url\" content=\"https:\/\/rodiovascular.com\/patologia-venosa\/\" \/>\n<meta property=\"og:site_name\" content=\"Dr Maurizio Rodio\" \/>\n<meta property=\"article:modified_time\" content=\"2024-09-24T16:08:14+00:00\" \/>\n<meta name=\"twitter:card\" content=\"summary_large_image\" \/>\n<meta name=\"twitter:label1\" content=\"Tempo di lettura stimato\" \/>\n\t<meta name=\"twitter:data1\" content=\"7 minuti\" \/>\n<script type=\"application\/ld+json\" class=\"yoast-schema-graph\">{\"@context\":\"https:\\\/\\\/schema.org\",\"@graph\":[{\"@type\":\"WebPage\",\"@id\":\"https:\\\/\\\/rodiovascular.com\\\/patologia-venosa\\\/\",\"url\":\"https:\\\/\\\/rodiovascular.com\\\/patologia-venosa\\\/\",\"name\":\"Trattamento delle Vene Varicose e Teleangectasie - Dr Maurizio Rodio\",\"isPartOf\":{\"@id\":\"https:\\\/\\\/rodiovascular.com\\\/#website\"},\"datePublished\":\"2016-09-03T16:23:30+00:00\",\"dateModified\":\"2024-09-24T16:08:14+00:00\",\"description\":\"Trattamento e rimozione di vene varicose, teleangectasie utilizzando le pi\u00f9 avanzate tecnologie mediche scleroterapiche e chirurgiche senza dolore.\",\"breadcrumb\":{\"@id\":\"https:\\\/\\\/rodiovascular.com\\\/patologia-venosa\\\/#breadcrumb\"},\"inLanguage\":\"it-IT\",\"potentialAction\":[{\"@type\":\"ReadAction\",\"target\":[\"https:\\\/\\\/rodiovascular.com\\\/patologia-venosa\\\/\"]}]},{\"@type\":\"BreadcrumbList\",\"@id\":\"https:\\\/\\\/rodiovascular.com\\\/patologia-venosa\\\/#breadcrumb\",\"itemListElement\":[{\"@type\":\"ListItem\",\"position\":1,\"name\":\"Home\",\"item\":\"https:\\\/\\\/rodiovascular.com\\\/home\\\/\"},{\"@type\":\"ListItem\",\"position\":2,\"name\":\"PATOLOGIA VENOSA\"}]},{\"@type\":\"WebSite\",\"@id\":\"https:\\\/\\\/rodiovascular.com\\\/#website\",\"url\":\"https:\\\/\\\/rodiovascular.com\\\/\",\"name\":\"Dr Maurizio Rodio\",\"description\":\"Vascular Surgeon in Turin\",\"publisher\":{\"@id\":\"https:\\\/\\\/rodiovascular.com\\\/#\\\/schema\\\/person\\\/e0a9b03770ac4993ecdcf710c5cdbec1\"},\"potentialAction\":[{\"@type\":\"SearchAction\",\"target\":{\"@type\":\"EntryPoint\",\"urlTemplate\":\"https:\\\/\\\/rodiovascular.com\\\/?s={search_term_string}\"},\"query-input\":{\"@type\":\"PropertyValueSpecification\",\"valueRequired\":true,\"valueName\":\"search_term_string\"}}],\"inLanguage\":\"it-IT\"},{\"@type\":[\"Person\",\"Organization\"],\"@id\":\"https:\\\/\\\/rodiovascular.com\\\/#\\\/schema\\\/person\\\/e0a9b03770ac4993ecdcf710c5cdbec1\",\"name\":\"Dr Maurizio Rodio\",\"image\":{\"@type\":\"ImageObject\",\"inLanguage\":\"it-IT\",\"@id\":\"https:\\\/\\\/rodiovascular.com\\\/wp-content\\\/uploads\\\/2014\\\/12\\\/Rodio-fav.png\",\"url\":\"https:\\\/\\\/rodiovascular.com\\\/wp-content\\\/uploads\\\/2014\\\/12\\\/Rodio-fav.png\",\"contentUrl\":\"https:\\\/\\\/rodiovascular.com\\\/wp-content\\\/uploads\\\/2014\\\/12\\\/Rodio-fav.png\",\"width\":72,\"height\":75,\"caption\":\"Dr Maurizio Rodio\"},\"logo\":{\"@id\":\"https:\\\/\\\/rodiovascular.com\\\/wp-content\\\/uploads\\\/2014\\\/12\\\/Rodio-fav.png\"},\"sameAs\":[\"https:\\\/\\\/rodiovascular.com\\\/\"]}]}<\/script>\n<!-- \/ Yoast SEO plugin. -->","yoast_head_json":{"title":"Trattamento delle Vene Varicose e Teleangectasie - Dr Maurizio Rodio","description":"Trattamento e rimozione di vene varicose, teleangectasie utilizzando le pi\u00f9 avanzate tecnologie mediche scleroterapiche e chirurgiche senza dolore.","robots":{"index":"index","follow":"follow","max-snippet":"max-snippet:-1","max-image-preview":"max-image-preview:large","max-video-preview":"max-video-preview:-1"},"canonical":"https:\/\/rodiovascular.com\/patologia-venosa\/","og_locale":"it_IT","og_type":"article","og_title":"Trattamento delle Vene Varicose e Teleangectasie - Dr Maurizio Rodio","og_description":"Trattamento e rimozione di vene varicose, teleangectasie utilizzando le pi\u00f9 avanzate tecnologie mediche scleroterapiche e chirurgiche senza dolore.","og_url":"https:\/\/rodiovascular.com\/patologia-venosa\/","og_site_name":"Dr Maurizio Rodio","article_modified_time":"2024-09-24T16:08:14+00:00","twitter_card":"summary_large_image","twitter_misc":{"Tempo di lettura stimato":"7 minuti"},"schema":{"@context":"https:\/\/schema.org","@graph":[{"@type":"WebPage","@id":"https:\/\/rodiovascular.com\/patologia-venosa\/","url":"https:\/\/rodiovascular.com\/patologia-venosa\/","name":"Trattamento delle Vene Varicose e Teleangectasie - Dr Maurizio Rodio","isPartOf":{"@id":"https:\/\/rodiovascular.com\/#website"},"datePublished":"2016-09-03T16:23:30+00:00","dateModified":"2024-09-24T16:08:14+00:00","description":"Trattamento e rimozione di vene varicose, teleangectasie utilizzando le pi\u00f9 avanzate tecnologie mediche scleroterapiche e chirurgiche senza dolore.","breadcrumb":{"@id":"https:\/\/rodiovascular.com\/patologia-venosa\/#breadcrumb"},"inLanguage":"it-IT","potentialAction":[{"@type":"ReadAction","target":["https:\/\/rodiovascular.com\/patologia-venosa\/"]}]},{"@type":"BreadcrumbList","@id":"https:\/\/rodiovascular.com\/patologia-venosa\/#breadcrumb","itemListElement":[{"@type":"ListItem","position":1,"name":"Home","item":"https:\/\/rodiovascular.com\/home\/"},{"@type":"ListItem","position":2,"name":"PATOLOGIA VENOSA"}]},{"@type":"WebSite","@id":"https:\/\/rodiovascular.com\/#website","url":"https:\/\/rodiovascular.com\/","name":"Dr Maurizio Rodio","description":"Vascular Surgeon in Turin","publisher":{"@id":"https:\/\/rodiovascular.com\/#\/schema\/person\/e0a9b03770ac4993ecdcf710c5cdbec1"},"potentialAction":[{"@type":"SearchAction","target":{"@type":"EntryPoint","urlTemplate":"https:\/\/rodiovascular.com\/?s={search_term_string}"},"query-input":{"@type":"PropertyValueSpecification","valueRequired":true,"valueName":"search_term_string"}}],"inLanguage":"it-IT"},{"@type":["Person","Organization"],"@id":"https:\/\/rodiovascular.com\/#\/schema\/person\/e0a9b03770ac4993ecdcf710c5cdbec1","name":"Dr Maurizio Rodio","image":{"@type":"ImageObject","inLanguage":"it-IT","@id":"https:\/\/rodiovascular.com\/wp-content\/uploads\/2014\/12\/Rodio-fav.png","url":"https:\/\/rodiovascular.com\/wp-content\/uploads\/2014\/12\/Rodio-fav.png","contentUrl":"https:\/\/rodiovascular.com\/wp-content\/uploads\/2014\/12\/Rodio-fav.png","width":72,"height":75,"caption":"Dr Maurizio Rodio"},"logo":{"@id":"https:\/\/rodiovascular.com\/wp-content\/uploads\/2014\/12\/Rodio-fav.png"},"sameAs":["https:\/\/rodiovascular.com\/"]}]}},"_links":{"self":[{"href":"https:\/\/rodiovascular.com\/it\/wp-json\/wp\/v2\/pages\/11967","targetHints":{"allow":["GET"]}}],"collection":[{"href":"https:\/\/rodiovascular.com\/it\/wp-json\/wp\/v2\/pages"}],"about":[{"href":"https:\/\/rodiovascular.com\/it\/wp-json\/wp\/v2\/types\/page"}],"author":[{"embeddable":true,"href":"https:\/\/rodiovascular.com\/it\/wp-json\/wp\/v2\/users\/1"}],"replies":[{"embeddable":true,"href":"https:\/\/rodiovascular.com\/it\/wp-json\/wp\/v2\/comments?post=11967"}],"version-history":[{"count":52,"href":"https:\/\/rodiovascular.com\/it\/wp-json\/wp\/v2\/pages\/11967\/revisions"}],"predecessor-version":[{"id":12486,"href":"https:\/\/rodiovascular.com\/it\/wp-json\/wp\/v2\/pages\/11967\/revisions\/12486"}],"wp:attachment":[{"href":"https:\/\/rodiovascular.com\/it\/wp-json\/wp\/v2\/media?parent=11967"}],"curies":[{"name":"wp","href":"https:\/\/api.w.org\/{rel}","templated":true}]}}